{"id":18,"date":"2021-10-27T15:01:11","date_gmt":"2021-10-27T15:01:11","guid":{"rendered":"https:\/\/jobs.rsb-design.de\/mahr\/?page_id=18"},"modified":"2022-08-25T06:57:58","modified_gmt":"2022-08-25T06:57:58","slug":"anlagen","status":"publish","type":"page","link":"https:\/\/mahr-gmbh.de\/en\/anlagen\/","title":{"rendered":"Facilities"},"content":{"rendered":"<p><div class=\"fusion-fullwidth fullwidth-box fusion-builder-row-1 fusion-flex-container nonhundred-percent-fullwidth non-hundred-percent-height-scrolling\" style=\"background-color: rgba(255,255,255,0);background-position: center center;background-repeat: no-repeat;border-width: 0px 0px 0px 0px;border-color:#e5e5e5;border-style:solid;\" ><div class=\"fusion-builder-row fusion-row fusion-flex-align-items-flex-start\" style=\"max-width:1352px;margin-left: calc(-4% \/ 2 );margin-right: calc(-4% \/ 2 );\"><div class=\"fusion-layout-column fusion_builder_column fusion-builder-column-0 fusion_builder_column_1_2 1_2 fusion-flex-column fusion-flex-align-self-center\"><div class=\"fusion-column-wrapper fusion-flex-justify-content-space-between fusion-content-layout-column\" style=\"background-position:left top;background-repeat:no-repeat;-webkit-background-size:cover;-moz-background-size:cover;-o-background-size:cover;background-size:cover;padding: 0px 0px 0px 0px;\"><div class=\"fusion-text fusion-text-1\"><h3>SILOANLAGE<\/h3>\n<p><span class=\"bold\"><b>Silos dienen der Lagerung von Sch\u00fcttg\u00fctern aller Art, \u00fcber einen langen Zeitraum. <\/b><\/span><\/p>\n<p>Die variable Zusammensetzung verschiedener Gr\u00f6\u00dfen zu einer kompletten Siloanlage auf engstem Raum erm\u00f6glicht ein Maximum an Lager-<br \/>\nkapazit\u00e4t. Durch den Einsatz leistungsstarker Bef\u00fcll- und Entleerungssysteme, bietet sich diese Konzeption auch hervorragend als Umschlagsanlage an. Silos werden i.d.R. in einem St\u00fcck gefertigt. Bei gr\u00f6\u00dferen Volumina wird das Silo in Teilen vorgefertigt und auf der Baustelle verschwei\u00dft oder verschraubt.<\/p>\n<\/div><\/div><style type=\"text\/css\">.fusion-body .fusion-builder-column-0{width:50% !important;margin-top : 0px;margin-bottom : 20px;}.fusion-builder-column-0 > .fusion-column-wrapper {padding-top : 0px !important;padding-right : 0px !important;margin-right : 3.84%;padding-bottom : 0px !important;padding-left : 0px !important;margin-left : 3.84%;}@media only screen and (max-width:1024px) {.fusion-body .fusion-builder-column-0{width:100% !important;order : 0;}.fusion-builder-column-0 > .fusion-column-wrapper {margin-right : 1.92%;margin-left : 1.92%;}}@media only screen and (max-width:640px) {.fusion-body .fusion-builder-column-0{width:100% !important;order : 0;}.fusion-builder-column-0 > .fusion-column-wrapper {margin-right : 1.92%;margin-left : 1.92%;}}<\/style><\/div><div class=\"fusion-layout-column fusion_builder_column fusion-builder-column-1 fusion_builder_column_1_2 1_2 fusion-flex-column\"><div class=\"fusion-column-wrapper fusion-flex-justify-content-flex-start fusion-content-layout-column\" style=\"background-position:left top;background-repeat:no-repeat;-webkit-background-size:cover;-moz-background-size:cover;-o-background-size:cover;background-size:cover;padding: 0px 0px 0px 0px;\"><div ><span class=\" fusion-imageframe imageframe-none imageframe-1 hover-type-none\"><img decoding=\"async\" width=\"2000\" height=\"1334\" title=\"shutterstock_155512373 Kopie\" src=\"https:\/\/mahr-gmbh.de\/wp-content\/uploads\/2022\/01\/shutterstock_155512373-Kopie.jpg\" data-orig-src=\"https:\/\/mahr-gmbh.de\/\/wp-content\/uploads\/2022\/01\/shutterstock_155512373-Kopie.jpg\" alt class=\"lazyload img-responsive wp-image-1436\" srcset=\"data:image\/svg+xml,%3Csvg%20xmlns%3D%27http%3A%2F%2Fwww.w3.org%2F2000%2Fsvg%27%20width%3D%272000%27%20height%3D%271334%27%20viewBox%3D%270%200%202000%201334%27%3E%3Crect%20width%3D%272000%27%20height%3D%271334%27%20fill-opacity%3D%220%22%2F%3E%3C%2Fsvg%3E\" data-srcset=\"https:\/\/mahr-gmbh.de\/wp-content\/uploads\/2022\/01\/shutterstock_155512373-Kopie-200x133.jpg 200w, https:\/\/mahr-gmbh.de\/wp-content\/uploads\/2022\/01\/shutterstock_155512373-Kopie-400x267.jpg 400w, https:\/\/mahr-gmbh.de\/wp-content\/uploads\/2022\/01\/shutterstock_155512373-Kopie-600x400.jpg 600w, https:\/\/mahr-gmbh.de\/wp-content\/uploads\/2022\/01\/shutterstock_155512373-Kopie-800x534.jpg 800w, https:\/\/mahr-gmbh.de\/wp-content\/uploads\/2022\/01\/shutterstock_155512373-Kopie-1200x800.jpg 1200w, https:\/\/mahr-gmbh.de\/wp-content\/uploads\/2022\/01\/shutterstock_155512373-Kopie.jpg 2000w\" data-sizes=\"auto\" data-orig-sizes=\"(max-width: 1024px) 100vw, (max-width: 640px) 100vw, 800px\" \/><\/span><\/div><\/div><style type=\"text\/css\">.fusion-body .fusion-builder-column-1{width:50% !important;margin-top : 0px;margin-bottom : 20px;}.fusion-builder-column-1 > .fusion-column-wrapper {padding-top : 0px !important;padding-right : 0px !important;margin-right : 3.84%;padding-bottom : 0px !important;padding-left : 0px !important;margin-left : 3.84%;}@media only screen and (max-width:1024px) {.fusion-body .fusion-builder-column-1{width:100% !important;order : 0;}.fusion-builder-column-1 > .fusion-column-wrapper {margin-right : 1.92%;margin-left : 1.92%;}}@media only screen and (max-width:640px) {.fusion-body .fusion-builder-column-1{width:100% !important;order : 0;}.fusion-builder-column-1 > .fusion-column-wrapper {margin-right : 1.92%;margin-left : 1.92%;}}<\/style><\/div><\/div><style type=\"text\/css\">.fusion-body .fusion-flex-container.fusion-builder-row-1{ padding-top : 0px;margin-top : 0px;padding-right : 0px;padding-bottom : 50px;margin-bottom : 0px;padding-left : 0px;}<\/style><\/div><div class=\"fusion-fullwidth fullwidth-box fusion-builder-row-2 fusion-flex-container nonhundred-percent-fullwidth non-hundred-percent-height-scrolling\" style=\"background-color: #efefef;background-position: center center;background-repeat: no-repeat;border-width: 0px 0px 0px 0px;border-color:#e5e5e5;border-style:solid;\" ><div class=\"fusion-builder-row fusion-row fusion-flex-align-items-flex-start\" style=\"max-width:1352px;margin-left: calc(-4% \/ 2 );margin-right: calc(-4% \/ 2 );\"><div class=\"fusion-layout-column fusion_builder_column fusion-builder-column-2 fusion_builder_column_1_2 1_2 fusion-flex-column fusion-flex-align-self-center\"><div class=\"fusion-column-wrapper fusion-flex-justify-content-space-around fusion-content-layout-column\" style=\"background-position:left top;background-repeat:no-repeat;-webkit-background-size:cover;-moz-background-size:cover;-o-background-size:cover;background-size:cover;padding: 0px 0px 0px 0px;\"><div ><span class=\" fusion-imageframe imageframe-none imageframe-2 hover-type-none\"><img decoding=\"async\" width=\"2000\" height=\"1333\" title=\"shutterstock_171713438 Kopie\" src=\"https:\/\/mahr-gmbh.de\/wp-content\/uploads\/2022\/01\/shutterstock_171713438-Kopie.jpg\" data-orig-src=\"https:\/\/mahr-gmbh.de\/\/wp-content\/uploads\/2022\/01\/shutterstock_171713438-Kopie.jpg\" alt class=\"lazyload img-responsive wp-image-1439\" srcset=\"data:image\/svg+xml,%3Csvg%20xmlns%3D%27http%3A%2F%2Fwww.w3.org%2F2000%2Fsvg%27%20width%3D%272000%27%20height%3D%271333%27%20viewBox%3D%270%200%202000%201333%27%3E%3Crect%20width%3D%272000%27%20height%3D%271333%27%20fill-opacity%3D%220%22%2F%3E%3C%2Fsvg%3E\" data-srcset=\"https:\/\/mahr-gmbh.de\/wp-content\/uploads\/2022\/01\/shutterstock_171713438-Kopie-200x133.jpg 200w, https:\/\/mahr-gmbh.de\/wp-content\/uploads\/2022\/01\/shutterstock_171713438-Kopie-400x267.jpg 400w, https:\/\/mahr-gmbh.de\/wp-content\/uploads\/2022\/01\/shutterstock_171713438-Kopie-600x400.jpg 600w, https:\/\/mahr-gmbh.de\/wp-content\/uploads\/2022\/01\/shutterstock_171713438-Kopie-800x533.jpg 800w, https:\/\/mahr-gmbh.de\/wp-content\/uploads\/2022\/01\/shutterstock_171713438-Kopie-1200x800.jpg 1200w, https:\/\/mahr-gmbh.de\/wp-content\/uploads\/2022\/01\/shutterstock_171713438-Kopie.jpg 2000w\" data-sizes=\"auto\" data-orig-sizes=\"(max-width: 1024px) 100vw, (max-width: 640px) 100vw, 800px\" \/><\/span><\/div><\/div><style type=\"text\/css\">.fusion-body .fusion-builder-column-2{width:50% !important;margin-top : 20px;margin-bottom : 20px;}.fusion-builder-column-2 > .fusion-column-wrapper {padding-top : 0px !important;padding-right : 0px !important;margin-right : 3.84%;padding-bottom : 0px !important;padding-left : 0px !important;margin-left : 3.84%;}@media only screen and (max-width:1024px) {.fusion-body .fusion-builder-column-2{width:100% !important;order : 0;}.fusion-builder-column-2 > .fusion-column-wrapper {margin-right : 1.92%;margin-left : 1.92%;}}@media only screen and (max-width:640px) {.fusion-body .fusion-builder-column-2{width:100% !important;order : 0;}.fusion-builder-column-2 > .fusion-column-wrapper {margin-right : 1.92%;margin-left : 1.92%;}}<\/style><\/div><div class=\"fusion-layout-column fusion_builder_column fusion-builder-column-3 fusion_builder_column_1_2 1_2 fusion-flex-column fusion-flex-align-self-center\"><div class=\"fusion-column-wrapper fusion-flex-justify-content-space-between fusion-content-layout-column\" style=\"background-position:left top;background-repeat:no-repeat;-webkit-background-size:cover;-moz-background-size:cover;-o-background-size:cover;background-size:cover;padding: 0px 0px 0px 0px;\"><div class=\"fusion-text fusion-text-2\"><h3>F\u00d6RDERANLAGE<\/h3>\n<p><strong><span class=\"bold\">Pneumatische F\u00f6rderanlagen werden heutzutage in vielen Bereichen der sch\u00fcttgutverarbeitenden Industrie eingesetzt.<\/span><\/strong><\/p>\n<p>Bei den zu f\u00f6rdernden Sch\u00fcttg\u00fctern handelt es sich um staubf\u00f6rmige (\u00d8 = 0 &#8211; 0,5 mm) bis grobk\u00f6rnige Feststoffe (\u00d8 &gt; 10 mm). Die F\u00f6rderleistungen betragen wenige Kilogramm bis hin zu mehreren hundert Tonnen in der Stunde. Hierbei variieren die Durchmesser der F\u00f6rderrohrleitung von kleiner 50mm bis \u00fcber 500 mm. Es k\u00f6nnen F\u00f6rderentfernungen bis zu 1000 m \u00fcberbr\u00fcckt werden.<\/p>\n<\/div><\/div><style type=\"text\/css\">.fusion-body .fusion-builder-column-3{width:50% !important;margin-top : 0px;margin-bottom : 20px;}.fusion-builder-column-3 > .fusion-column-wrapper {padding-top : 0px !important;padding-right : 0px !important;margin-right : 3.84%;padding-bottom : 0px !important;padding-left : 0px !important;margin-left : 3.84%;}@media only screen and (max-width:1024px) {.fusion-body .fusion-builder-column-3{width:100% !important;order : 0;}.fusion-builder-column-3 > .fusion-column-wrapper {margin-right : 1.92%;margin-left : 1.92%;}}@media only screen and (max-width:640px) {.fusion-body .fusion-builder-column-3{width:100% !important;order : 0;}.fusion-builder-column-3 > .fusion-column-wrapper {margin-right : 1.92%;margin-left : 1.92%;}}<\/style><\/div><\/div><style type=\"text\/css\">.fusion-body .fusion-flex-container.fusion-builder-row-2{ padding-top : 50px;margin-top : 0px;padding-right : 0px;padding-bottom : 50px;margin-bottom : 0px;padding-left : 0px;}<\/style><\/div><div class=\"fusion-fullwidth fullwidth-box fusion-builder-row-3 fusion-flex-container nonhundred-percent-fullwidth non-hundred-percent-height-scrolling\" style=\"background-color: rgba(255,255,255,0);background-position: center center;background-repeat: no-repeat;border-width: 0px 0px 0px 0px;border-color:#e5e5e5;border-style:solid;\" ><div class=\"fusion-builder-row fusion-row fusion-flex-align-items-flex-start\" style=\"max-width:1352px;margin-left: calc(-4% \/ 2 );margin-right: calc(-4% \/ 2 );\"><div class=\"fusion-layout-column fusion_builder_column fusion-builder-column-4 fusion_builder_column_1_2 1_2 fusion-flex-column fusion-flex-align-self-center\"><div class=\"fusion-column-wrapper fusion-flex-justify-content-center fusion-content-layout-column\" style=\"background-position:left top;background-repeat:no-repeat;-webkit-background-size:cover;-moz-background-size:cover;-o-background-size:cover;background-size:cover;padding: 0px 0px 0px 0px;\"><div class=\"fusion-text fusion-text-3\"><h3>AUFBEREITUNGSANLAGE<\/h3>\n<p><strong><span class=\"bold\">Die Kalkmilchaufbereitung der Fa. Mahr GmbH ist f\u00fcr trockenen, feinpulverigen Branntkalk [CaO] und Kalkhydrat [Ca(OH)2] ausgelegt.<\/span><\/strong><\/p>\n<p>Alle Baugruppen sind f\u00fcr die ausreichende Bevorratung von Kalk, der erforderlichen Dosiermenge und Dosiergenauigkeit sowie des geforderten Kalkmilchbedarfs untereinander abgestimmt.<\/p>\n<\/div><\/div><style type=\"text\/css\">.fusion-body .fusion-builder-column-4{width:50% !important;margin-top : 0px;margin-bottom : 20px;}.fusion-builder-column-4 > .fusion-column-wrapper {padding-top : 0px !important;padding-right : 0px !important;margin-right : 3.84%;padding-bottom : 0px !important;padding-left : 0px !important;margin-left : 3.84%;}@media only screen and (max-width:1024px) {.fusion-body .fusion-builder-column-4{width:100% !important;order : 0;}.fusion-builder-column-4 > .fusion-column-wrapper {margin-right : 1.92%;margin-left : 1.92%;}}@media only screen and (max-width:640px) {.fusion-body .fusion-builder-column-4{width:100% !important;order : 0;}.fusion-builder-column-4 > .fusion-column-wrapper {margin-right : 1.92%;margin-left : 1.92%;}}<\/style><\/div><div class=\"fusion-layout-column fusion_builder_column fusion-builder-column-5 fusion_builder_column_1_2 1_2 fusion-flex-column\"><div class=\"fusion-column-wrapper fusion-flex-justify-content-flex-start fusion-content-layout-column\" style=\"background-position:left top;background-repeat:no-repeat;-webkit-background-size:cover;-moz-background-size:cover;-o-background-size:cover;background-size:cover;padding: 0px 0px 0px 0px;\"><div ><span class=\" fusion-imageframe imageframe-none imageframe-3 hover-type-none\"><img decoding=\"async\" width=\"2000\" height=\"1348\" title=\"shutterstock_15834904 Kopie\" src=\"https:\/\/mahr-gmbh.de\/wp-content\/uploads\/2022\/01\/shutterstock_15834904-Kopie.jpg\" data-orig-src=\"https:\/\/mahr-gmbh.de\/\/wp-content\/uploads\/2022\/01\/shutterstock_15834904-Kopie.jpg\" alt class=\"lazyload img-responsive wp-image-1429\" srcset=\"data:image\/svg+xml,%3Csvg%20xmlns%3D%27http%3A%2F%2Fwww.w3.org%2F2000%2Fsvg%27%20width%3D%272000%27%20height%3D%271348%27%20viewBox%3D%270%200%202000%201348%27%3E%3Crect%20width%3D%272000%27%20height%3D%271348%27%20fill-opacity%3D%220%22%2F%3E%3C%2Fsvg%3E\" data-srcset=\"https:\/\/mahr-gmbh.de\/wp-content\/uploads\/2022\/01\/shutterstock_15834904-Kopie-200x135.jpg 200w, https:\/\/mahr-gmbh.de\/wp-content\/uploads\/2022\/01\/shutterstock_15834904-Kopie-400x270.jpg 400w, https:\/\/mahr-gmbh.de\/wp-content\/uploads\/2022\/01\/shutterstock_15834904-Kopie-600x404.jpg 600w, https:\/\/mahr-gmbh.de\/wp-content\/uploads\/2022\/01\/shutterstock_15834904-Kopie-800x539.jpg 800w, https:\/\/mahr-gmbh.de\/wp-content\/uploads\/2022\/01\/shutterstock_15834904-Kopie-1200x809.jpg 1200w, https:\/\/mahr-gmbh.de\/wp-content\/uploads\/2022\/01\/shutterstock_15834904-Kopie.jpg 2000w\" data-sizes=\"auto\" data-orig-sizes=\"(max-width: 1024px) 100vw, (max-width: 640px) 100vw, 800px\" \/><\/span><\/div><\/div><style type=\"text\/css\">.fusion-body .fusion-builder-column-5{width:50% !important;margin-top : 0px;margin-bottom : 20px;}.fusion-builder-column-5 > .fusion-column-wrapper {padding-top : 0px !important;padding-right : 0px !important;margin-right : 3.84%;padding-bottom : 0px !important;padding-left : 0px !important;margin-left : 3.84%;}@media only screen and (max-width:1024px) {.fusion-body .fusion-builder-column-5{width:100% !important;order : 0;}.fusion-builder-column-5 > .fusion-column-wrapper {margin-right : 1.92%;margin-left : 1.92%;}}@media only screen and (max-width:640px) {.fusion-body .fusion-builder-column-5{width:100% !important;order : 0;}.fusion-builder-column-5 > .fusion-column-wrapper {margin-right : 1.92%;margin-left : 1.92%;}}<\/style><\/div><\/div><style type=\"text\/css\">.fusion-body .fusion-flex-container.fusion-builder-row-3{ padding-top : 50px;margin-top : 0px;padding-right : 0px;padding-bottom : 0px;margin-bottom : 0px;padding-left : 0px;}<\/style><\/div><\/p>\n","protected":false},"excerpt":{"rendered":"","protected":false},"author":1,"featured_media":0,"parent":0,"menu_order":0,"comment_status":"closed","ping_status":"closed","template":"100-width.php","meta":{"om_disable_all_campaigns":false,"_monsterinsights_skip_tracking":false,"_monsterinsights_sitenote_active":false,"_monsterinsights_sitenote_note":"","_monsterinsights_sitenote_category":0,"footnotes":""},"class_list":["post-18","page","type-page","status-publish","hentry"],"aioseo_notices":[],"_links":{"self":[{"href":"https:\/\/mahr-gmbh.de\/en\/wp-json\/wp\/v2\/pages\/18","targetHints":{"allow":["GET"]}}],"collection":[{"href":"https:\/\/mahr-gmbh.de\/en\/wp-json\/wp\/v2\/pages"}],"about":[{"href":"https:\/\/mahr-gmbh.de\/en\/wp-json\/wp\/v2\/types\/page"}],"author":[{"embeddable":true,"href":"https:\/\/mahr-gmbh.de\/en\/wp-json\/wp\/v2\/users\/1"}],"replies":[{"embeddable":true,"href":"https:\/\/mahr-gmbh.de\/en\/wp-json\/wp\/v2\/comments?post=18"}],"version-history":[{"count":8,"href":"https:\/\/mahr-gmbh.de\/en\/wp-json\/wp\/v2\/pages\/18\/revisions"}],"predecessor-version":[{"id":1895,"href":"https:\/\/mahr-gmbh.de\/en\/wp-json\/wp\/v2\/pages\/18\/revisions\/1895"}],"wp:attachment":[{"href":"https:\/\/mahr-gmbh.de\/en\/wp-json\/wp\/v2\/media?parent=18"}],"curies":[{"name":"wp","href":"https:\/\/api.w.org\/{rel}","templated":true}]}}