{"id":1749,"date":"2022-05-01T21:27:51","date_gmt":"2022-05-01T21:27:51","guid":{"rendered":"https:\/\/jobs.rsb-design.de\/mahr\/?page_id=1749"},"modified":"2023-11-22T14:33:24","modified_gmt":"2023-11-22T14:33:24","slug":"kegelverschluss","status":"publish","type":"page","link":"https:\/\/mahr-gmbh.de\/en\/kegelverschluss\/","title":{"rendered":"Cone closure"},"content":{"rendered":"<p><div class=\"fusion-fullwidth fullwidth-box fusion-builder-row-1 fusion-flex-container nonhundred-percent-fullwidth non-hundred-percent-height-scrolling\" style=\"background-color: rgba(255,255,255,0);background-position: center center;background-repeat: no-repeat;border-width: 0px 0px 0px 0px;border-color:#e5e5e5;border-style:solid;\" ><div class=\"fusion-builder-row fusion-row fusion-flex-align-items-flex-start\" style=\"max-width:1352px;margin-left: calc(-4% \/ 2 );margin-right: calc(-4% \/ 2 );\"><div class=\"fusion-layout-column fusion_builder_column fusion-builder-column-0 fusion_builder_column_2_5 2_5 fusion-flex-column fusion-flex-align-self-center\"><div class=\"fusion-column-wrapper fusion-flex-justify-content-flex-start fusion-content-layout-column\" style=\"background-position:left top;background-repeat:no-repeat;-webkit-background-size:cover;-moz-background-size:cover;-o-background-size:cover;background-size:cover;padding: 0px 0px 0px 0px;\"><div style=\"text-align:center;\"><span class=\"fusion-imageframe imageframe-none imageframe-1 hover-type-none\"><img decoding=\"async\" width=\"215\" height=\"215\" title=\"pr_kegelverschluss\" src=\"https:\/\/mahr-gmbh.de\/wp-content\/uploads\/2022\/05\/pr_kegelverschluss.jpg\" data-orig-src=\"https:\/\/mahr-gmbh.de\/\/wp-content\/uploads\/2022\/05\/pr_kegelverschluss.jpg\" alt class=\"lazyload img-responsive wp-image-1751\" srcset=\"data:image\/svg+xml,%3Csvg%20xmlns%3D%27http%3A%2F%2Fwww.w3.org%2F2000%2Fsvg%27%20width%3D%27215%27%20height%3D%27215%27%20viewBox%3D%270%200%20215%20215%27%3E%3Crect%20width%3D%27215%27%20height%3D%27215%27%20fill-opacity%3D%220%22%2F%3E%3C%2Fsvg%3E\" data-srcset=\"https:\/\/mahr-gmbh.de\/wp-content\/uploads\/2022\/05\/pr_kegelverschluss-200x200.jpg 200w, https:\/\/mahr-gmbh.de\/wp-content\/uploads\/2022\/05\/pr_kegelverschluss.jpg 215w\" data-sizes=\"auto\" data-orig-sizes=\"(max-width: 1024px) 100vw, (max-width: 640px) 100vw, 215px\" \/><\/span><\/div><div style=\"text-align:center;\"><span class=\"fusion-imageframe imageframe-none imageframe-2 hover-type-none\"><img decoding=\"async\" width=\"215\" height=\"215\" title=\"pr_kegelverschluss02\" src=\"https:\/\/mahr-gmbh.de\/wp-content\/uploads\/2022\/05\/pr_kegelverschluss02-1.jpg\" data-orig-src=\"https:\/\/mahr-gmbh.de\/\/wp-content\/uploads\/2022\/05\/pr_kegelverschluss02-1.jpg\" alt class=\"lazyload img-responsive wp-image-1754\" srcset=\"data:image\/svg+xml,%3Csvg%20xmlns%3D%27http%3A%2F%2Fwww.w3.org%2F2000%2Fsvg%27%20width%3D%27215%27%20height%3D%27215%27%20viewBox%3D%270%200%20215%20215%27%3E%3Crect%20width%3D%27215%27%20height%3D%27215%27%20fill-opacity%3D%220%22%2F%3E%3C%2Fsvg%3E\" data-srcset=\"https:\/\/mahr-gmbh.de\/wp-content\/uploads\/2022\/05\/pr_kegelverschluss02-1-200x200.jpg 200w, https:\/\/mahr-gmbh.de\/wp-content\/uploads\/2022\/05\/pr_kegelverschluss02-1.jpg 215w\" data-sizes=\"auto\" data-orig-sizes=\"(max-width: 1024px) 100vw, (max-width: 640px) 100vw, 215px\" \/><\/span><\/div><\/div><style type=\"text\/css\">.fusion-body .fusion-builder-column-0{width:40% !important;margin-top : 20px;margin-bottom : 20px;}.fusion-builder-column-0 > .fusion-column-wrapper {padding-top : 0px !important;padding-right : 0px !important;margin-right : 4.8%;padding-bottom : 0px !important;padding-left : 0px !important;margin-left : 4.8%;}@media only screen and (max-width:1024px) {.fusion-body .fusion-builder-column-0{width:100% !important;order : 0;}.fusion-builder-column-0 > .fusion-column-wrapper {margin-right : 1.92%;margin-left : 1.92%;}}@media only screen and (max-width:640px) {.fusion-body .fusion-builder-column-0{width:100% !important;order : 0;}.fusion-builder-column-0 > .fusion-column-wrapper {margin-right : 1.92%;margin-left : 1.92%;}}<\/style><\/div><div class=\"fusion-layout-column fusion_builder_column fusion-builder-column-1 fusion_builder_column_3_5 3_5 fusion-flex-column fusion-flex-align-self-center\"><div class=\"fusion-column-wrapper fusion-flex-justify-content-flex-start fusion-content-layout-column\" style=\"background-position:left top;background-repeat:no-repeat;-webkit-background-size:cover;-moz-background-size:cover;-o-background-size:cover;background-size:cover;padding: 0px 0px 0px 0px;\"><div class=\"fusion-text fusion-text-1\"><h4>Application area<\/h4>\n<p>The <strong class=\"bold\">MAHR Kegelverschluss<\/strong> verschlie\u00dft druckdicht Materialeinf\u00fcll\u00f6ffnungen. Hauptanwendungsgebiet ist das Verschlie\u00dfen von Hochdruck-F\u00f6rdergef\u00e4\u00dfen in Hochdruckf\u00f6rderanlagen.<\/p>\n<\/div><div ><style>.fusion-button.button-1{border-radius:0 0 0 0;}<\/style><a class=\"fusion-button button-flat fusion-button-default-size button-default button-1 fusion-button-default-span fusion-button-default-type\" target=\"_blank\" rel=\"noopener noreferrer\" href=\"https:\/\/mahr-gmbh.de\/\/wp-content\/uploads\/2022\/05\/kegelverschluss_d.pdf\" style=\"margin-top:30px;\"><i class=\"fa-file-pdf fas button-icon-left\" aria-hidden=\"true\"><\/i><span class=\"fusion-button-text\">PDF Download<\/span><\/a><\/div><\/div><style type=\"text\/css\">.fusion-body .fusion-builder-column-1{width:60% !important;margin-top : 0px;margin-bottom : 20px;}.fusion-builder-column-1 > .fusion-column-wrapper {padding-top : 0px !important;padding-right : 0px !important;margin-right : 3.2%;padding-bottom : 0px !important;padding-left : 0px !important;margin-left : 3.2%;}@media only screen and (max-width:1024px) {.fusion-body .fusion-builder-column-1{width:100% !important;order : 0;}.fusion-builder-column-1 > .fusion-column-wrapper {margin-right : 1.92%;margin-left : 1.92%;}}@media only screen and (max-width:640px) {.fusion-body .fusion-builder-column-1{width:100% !important;order : 0;}.fusion-builder-column-1 > .fusion-column-wrapper {margin-right : 1.92%;margin-left : 1.92%;}}<\/style><\/div><\/div><style type=\"text\/css\">.fusion-body .fusion-flex-container.fusion-builder-row-1{ padding-top : 50px;margin-top : 0px;padding-right : 0px;padding-bottom : 0px;margin-bottom : 0px;padding-left : 0px;}<\/style><\/div><div class=\"fusion-fullwidth fullwidth-box fusion-builder-row-2 fusion-flex-container nonhundred-percent-fullwidth non-hundred-percent-height-scrolling\" style=\"background-color: rgba(255,255,255,0);background-position: center center;background-repeat: no-repeat;border-width: 0px 0px 0px 0px;border-color:#e5e5e5;border-style:solid;\" ><div class=\"fusion-builder-row fusion-row fusion-flex-align-items-flex-start\" style=\"max-width:1352px;margin-left: calc(-4% \/ 2 );margin-right: calc(-4% \/ 2 );\"><div class=\"fusion-layout-column fusion_builder_column fusion-builder-column-2 fusion_builder_column_1_1 1_1 fusion-flex-column fusion-flex-align-self-flex-start\"><div class=\"fusion-column-wrapper fusion-flex-justify-content-flex-start fusion-content-layout-block\" style=\"background-position:left top;background-repeat:no-repeat;-webkit-background-size:cover;-moz-background-size:cover;-o-background-size:cover;background-size:cover;padding: 0px 0px 0px 0px;\"><div class=\"fusion-tabs fusion-tabs-1 classic horizontal-tabs icon-position-left\"><style type=\"text\/css\">.fusion-tabs.fusion-tabs-1 .nav-tabs li a.tab-link{border-top-color:#f9f9fb;background-color:#f9f9fb;}.fusion-tabs.fusion-tabs-1 .nav-tabs{background-color:#ffffff;}.fusion-tabs.fusion-tabs-1 .nav-tabs li.active a.tab-link,.fusion-tabs.fusion-tabs-1 .nav-tabs li.active a.tab-link:hover,.fusion-tabs.fusion-tabs-1 .nav-tabs li.active a.tab-link:focus{border-right-color:#ffffff;}.fusion-tabs.fusion-tabs-1 .nav-tabs li.active a.tab-link,.fusion-tabs.fusion-tabs-1 .nav-tabs li.active a.tab-link:hover,.fusion-tabs.fusion-tabs-1 .nav-tabs li.active a.tab-link:focus{background-color:#ffffff;}.fusion-tabs.fusion-tabs-1 .nav-tabs li a:hover{background-color:#ffffff;border-top-color:#ffffff;}.fusion-tabs.fusion-tabs-1 .tab-pane{background-color:#ffffff;}.fusion-tabs.fusion-tabs-1 .nav,.fusion-tabs.fusion-tabs-1 .nav-tabs,.fusion-tabs.fusion-tabs-1 .tab-content .tab-pane{border-color:#e2e2e2;}<\/style><div class=\"nav\"><ul class=\"nav-tabs nav-justified\" role=\"tablist\"><li class=\"active\" role=\"presentation\"><a class=\"tab-link\" data-toggle=\"tab\" role=\"tab\" aria-controls=\"tab-9b9286b0ed1a5b1d8c9\" aria-selected=\"true\" id=\"fusion-tab-werkstoff\" href=\"#tab-9b9286b0ed1a5b1d8c9\"><h4 class=\"fusion-tab-heading\">Material<\/h4><\/a><\/li><li role=\"presentation\"><a class=\"tab-link\" data-toggle=\"tab\" role=\"tab\" aria-controls=\"tab-ec1356a2dff0da30041\" aria-selected=\"false\" tabindex=\"-1\" id=\"fusion-tab-konstruktion\" href=\"#tab-ec1356a2dff0da30041\"><h4 class=\"fusion-tab-heading\">Construction<\/h4><\/a><\/li><li role=\"presentation\"><a class=\"tab-link\" data-toggle=\"tab\" role=\"tab\" aria-controls=\"tab-f27beaf6fc8ff81bae9\" aria-selected=\"false\" tabindex=\"-1\" id=\"fusion-tab-elektropneumatischeausr\u00fcstung\" href=\"#tab-f27beaf6fc8ff81bae9\"><h4 class=\"fusion-tab-heading\">Elektropneumatische Ausr\u00fcstung<\/h4><\/a><\/li><li role=\"presentation\"><a class=\"tab-link\" data-toggle=\"tab\" role=\"tab\" aria-controls=\"tab-6c32488f904d5eee6b4\" aria-selected=\"false\" tabindex=\"-1\" id=\"fusion-tab-betriebsdaten\" href=\"#tab-6c32488f904d5eee6b4\"><h4 class=\"fusion-tab-heading\">Operating data<\/h4><\/a><\/li><li role=\"presentation\"><a class=\"tab-link\" data-toggle=\"tab\" role=\"tab\" aria-controls=\"tab-5d37b27ea22015eaebc\" aria-selected=\"false\" tabindex=\"-1\" id=\"fusion-tab-besonderemerkmale\" href=\"#tab-5d37b27ea22015eaebc\"><h4 class=\"fusion-tab-heading\">Special features<\/h4><\/a><\/li><\/ul><\/div><div class=\"tab-content\"><div class=\"nav fusion-mobile-tab-nav\"><ul class=\"nav-tabs nav-justified\" role=\"tablist\"><li class=\"active\" role=\"presentation\"><a class=\"tab-link\" data-toggle=\"tab\" role=\"tab\" aria-controls=\"tab-9b9286b0ed1a5b1d8c9\" aria-selected=\"true\" id=\"mobile-fusion-tab-werkstoff\" href=\"#tab-9b9286b0ed1a5b1d8c9\"><h4 class=\"fusion-tab-heading\">Material<\/h4><\/a><\/li><\/ul><\/div><div class=\"tab-pane fade fusion-clearfix in active\" role=\"tabpanel\" tabindex=\"0\" aria-labelledby=\"fusion-tab-werkstoff\" id=\"tab-9b9286b0ed1a5b1d8c9\">\n<p><strong><span class=\"bold\">Case:<\/span><\/strong> Grauguss, Edelstahlguss<br \/>\n<strong><span class=\"bold\">Flansch:<\/span><\/strong> Stahl, 1.4301, 1.4571<br \/>\n<strong><span class=\"bold\">Verschlusskegel:<\/span><\/strong> Grauguss, Edelstahlguss<br \/>\n<strong><span class=\"bold\">Sealing ring:<\/span> <\/strong>Nutring aus Hydrofit, Teflon, Viton<\/p>\n<\/div><div class=\"nav fusion-mobile-tab-nav\"><ul class=\"nav-tabs nav-justified\" role=\"tablist\"><li role=\"presentation\"><a class=\"tab-link\" data-toggle=\"tab\" role=\"tab\" aria-controls=\"tab-ec1356a2dff0da30041\" aria-selected=\"false\" tabindex=\"-1\" id=\"mobile-fusion-tab-konstruktion\" href=\"#tab-ec1356a2dff0da30041\"><h4 class=\"fusion-tab-heading\">Construction<\/h4><\/a><\/li><\/ul><\/div><div class=\"tab-pane fade fusion-clearfix\" role=\"tabpanel\" tabindex=\"0\" aria-labelledby=\"fusion-tab-konstruktion\" id=\"tab-ec1356a2dff0da30041\">\n<p>The <strong class=\"bold\">Cone closure<\/strong> besteht aus dem Geh\u00e4use mit Verschlusskegel und dem Antrieb. Die zusammengef\u00fcgten Teile sind jeweils mit O-Ringen abgedichtet. Der Verschlusskegel wird \u00fcber eine Hebelkonstruktion und einen pneumatischen Zylinder ge\u00f6ffnet bzw. geschlossen. Die Abdichtung erfolgt durch Anpressen des Kegels gegen den in einem Stahlring eingesetzten Nutring.<\/p>\n<\/div><div class=\"nav fusion-mobile-tab-nav\"><ul class=\"nav-tabs nav-justified\" role=\"tablist\"><li role=\"presentation\"><a class=\"tab-link\" data-toggle=\"tab\" role=\"tab\" aria-controls=\"tab-f27beaf6fc8ff81bae9\" aria-selected=\"false\" tabindex=\"-1\" id=\"mobile-fusion-tab-elektropneumatischeausr\u00fcstung\" href=\"#tab-f27beaf6fc8ff81bae9\"><h4 class=\"fusion-tab-heading\">Elektropneumatische Ausr\u00fcstung<\/h4><\/a><\/li><\/ul><\/div><div class=\"tab-pane fade fusion-clearfix\" role=\"tabpanel\" tabindex=\"0\" aria-labelledby=\"fusion-tab-elektropneumatischeausr\u00fcstung\" id=\"tab-f27beaf6fc8ff81bae9\">\n<p>Der pneumatische Antrieb ist mit einem 5\/2-Wege-Magnetventil ausger\u00fcstet. In jeder Endlage hat der Kegelverschluss einen Endschalter zur Standardsignalisierung.<\/p>\n<\/div><div class=\"nav fusion-mobile-tab-nav\"><ul class=\"nav-tabs nav-justified\" role=\"tablist\"><li role=\"presentation\"><a class=\"tab-link\" data-toggle=\"tab\" role=\"tab\" aria-controls=\"tab-6c32488f904d5eee6b4\" aria-selected=\"false\" tabindex=\"-1\" id=\"mobile-fusion-tab-betriebsdaten\" href=\"#tab-6c32488f904d5eee6b4\"><h4 class=\"fusion-tab-heading\">Operating data<\/h4><\/a><\/li><\/ul><\/div><div class=\"tab-pane fade fusion-clearfix\" role=\"tabpanel\" tabindex=\"0\" aria-labelledby=\"fusion-tab-betriebsdaten\" id=\"tab-6c32488f904d5eee6b4\">\n<p><span class=\"bold\">Control pressure:<\/span> min. 3,5 bar<br \/>\n<span class=\"bold\">Operating pressure:<\/span> max. 16 bar<\/p>\n<\/div><div class=\"nav fusion-mobile-tab-nav\"><ul class=\"nav-tabs nav-justified\" role=\"tablist\"><li role=\"presentation\"><a class=\"tab-link\" data-toggle=\"tab\" role=\"tab\" aria-controls=\"tab-5d37b27ea22015eaebc\" aria-selected=\"false\" tabindex=\"-1\" id=\"mobile-fusion-tab-besonderemerkmale\" href=\"#tab-5d37b27ea22015eaebc\"><h4 class=\"fusion-tab-heading\">Special features<\/h4><\/a><\/li><\/ul><\/div><div class=\"tab-pane fade fusion-clearfix\" role=\"tabpanel\" tabindex=\"0\" aria-labelledby=\"fusion-tab-besonderemerkmale\" id=\"tab-5d37b27ea22015eaebc\">\n<p>Absolute Dichtheit, da konstruktionsbedingt der Beh\u00e4lterinnendruck die Abdichtung unterst\u00fctzt. Verschlei\u00dfarm, da der Dichtring nicht mit dem Materialstrom in Ber\u00fchrung kommt.<\/p>\n<\/div><\/div><\/div><\/div><style type=\"text\/css\">.fusion-body .fusion-builder-column-2{width:100% !important;margin-top : 0px;margin-bottom : 20px;}.fusion-builder-column-2 > .fusion-column-wrapper {padding-top : 0px !important;padding-right : 0px !important;margin-right : 1.92%;padding-bottom : 0px !important;padding-left : 0px !important;margin-left : 1.92%;}@media only screen and (max-width:1024px) {.fusion-body .fusion-builder-column-2{width:100% !important;order : 0;}.fusion-builder-column-2 > .fusion-column-wrapper {margin-right : 1.92%;margin-left : 1.92%;}}@media only screen and (max-width:640px) {.fusion-body .fusion-builder-column-2{width:100% !important;order : 0;}.fusion-builder-column-2 > .fusion-column-wrapper {margin-right : 1.92%;margin-left : 1.92%;}}<\/style><\/div><\/div><style type=\"text\/css\">.fusion-body .fusion-flex-container.fusion-builder-row-2{ padding-top : 50px;margin-top : 0px;padding-right : 0px;padding-bottom : 0px;margin-bottom : 0px;padding-left : 0px;}<\/style><\/div><\/p>","protected":false},"excerpt":{"rendered":"","protected":false},"author":1,"featured_media":0,"parent":0,"menu_order":0,"comment_status":"closed","ping_status":"closed","template":"100-width.php","meta":{"om_disable_all_campaigns":false,"_monsterinsights_skip_tracking":false,"_monsterinsights_sitenote_active":false,"_monsterinsights_sitenote_note":"","_monsterinsights_sitenote_category":0,"footnotes":""},"class_list":["post-1749","page","type-page","status-publish","hentry"],"aioseo_notices":[],"_links":{"self":[{"href":"https:\/\/mahr-gmbh.de\/en\/wp-json\/wp\/v2\/pages\/1749","targetHints":{"allow":["GET"]}}],"collection":[{"href":"https:\/\/mahr-gmbh.de\/en\/wp-json\/wp\/v2\/pages"}],"about":[{"href":"https:\/\/mahr-gmbh.de\/en\/wp-json\/wp\/v2\/types\/page"}],"author":[{"embeddable":true,"href":"https:\/\/mahr-gmbh.de\/en\/wp-json\/wp\/v2\/users\/1"}],"replies":[{"embeddable":true,"href":"https:\/\/mahr-gmbh.de\/en\/wp-json\/wp\/v2\/comments?post=1749"}],"version-history":[{"count":3,"href":"https:\/\/mahr-gmbh.de\/en\/wp-json\/wp\/v2\/pages\/1749\/revisions"}],"predecessor-version":[{"id":2004,"href":"https:\/\/mahr-gmbh.de\/en\/wp-json\/wp\/v2\/pages\/1749\/revisions\/2004"}],"wp:attachment":[{"href":"https:\/\/mahr-gmbh.de\/en\/wp-json\/wp\/v2\/media?parent=1749"}],"curies":[{"name":"wp","href":"https:\/\/api.w.org\/{rel}","templated":true}]}}